{"id":3790,"date":"2019-10-24T00:57:41","date_gmt":"2019-10-23T21:57:41","guid":{"rendered":"https:\/\/hakanyaz.com\/privacy-policy\/"},"modified":"2019-10-24T00:57:41","modified_gmt":"2019-10-23T21:57:41","slug":"privacy-policy","status":"publish","type":"page","link":"https:\/\/hakanyaz.com\/en\/kvkk-clarification-text\/privacy-policy\/","title":{"rendered":"Privacy Policy"},"content":{"rendered":"<div class=\"wpb-content-wrapper\">[vc_row][vc_column][vc_column_text]\n<h2>Privacy Policy<\/h2>\n<p><strong>Last Updated April 29, 2023<\/strong><br \/>\n<strong>Effective April 30, 2021<\/strong><br \/>\nThis Privacy Policy applies to OPERATOR DR. HAKAN YAZ MUAYENEHANES\u0130, trademark_De\u011firmi\u00e7em Mahallesi, Fevzi \u00c7akmak Blv. No.54, \u015eehitkamil, GAZ\u0130ANTEP, Turkey, e-mail: bilgi@hakanyaz.com phone: 05327180991&#8217;s policies regarding the collection, use and disclosure of your information that we collect when you use our website (domain_adi). (privacy-policy&#8221;). By accessing or using the Service, you consent to the collection, use and disclosure of your information in accordance with this Privacy Policy. If you do not allow the same, please do not access or use the service.<\/p>\n<p>We may change this Privacy Policy at any time without prior notice to you and will post the revised Privacy Policy on the Service. The revised Policy will be effective 180 days after its posting on the Service, and your continued access to or use of the Service after that time will constitute your acceptance of the revised Privacy Policy. We therefore recommend that you review this page periodically.<\/p>\n<p><strong>INFORMATION WE GATHERED<\/strong><br \/>\nWe will collect and process the following personal information about you:<\/p>\n<p>Name<br \/>\nEmail<br \/>\nmobile<br \/>\nSocial Media Profile<br \/>\nDate of birth<br \/>\nAddress<br \/>\nWork address<br \/>\nGender<br \/>\nMarital Status<br \/>\nip Address<\/p>\n<p><strong>HOW WE COLLECT YOUR INFORMATION:<\/strong><br \/>\nWe collect\/receive information about you as follows:<\/p>\n<p>When a user fills out the registration form or otherwise submits personal information<br \/>\nInteracts with the website<br \/>\nFrom public funds<\/p>\n<p><strong>HOW WE USE YOUR INFORMATION:<\/strong><br \/>\nWe will use the information we collect about you for the following purposes:<\/p>\n<p>Collecting customer feedback<br \/>\nApply Terms and Conditions<br \/>\nSupport<br \/>\nManage customer order<br \/>\nSite protection<br \/>\nUser-to-user comments<br \/>\nmanage user account<br \/>\nIf we wish to use your information for any other purpose, we will ask for your consent and will use your information only after we have received your consent and only for the purpose(s) for which consent was given, unless we are required to do otherwise.<\/p>\n<p><a href=\"https:\/\/www.mevzuat.gov.tr\/mevzuatmetin\/1.5.6698.pdf\">6698 Personal Data Protection Law<\/a><\/p>\n<p>&nbsp;<\/p>\n<p><strong>HOW WE SHARE YOUR INFORMATION:<\/strong><br \/>\nWe will not transfer your personal information to any third party without your consent, except in the limited circumstances described below:<\/p>\n<p>Legal entities<br \/>\nAnalytics<br \/>\nData collection and processing<br \/>\nWe require such third parties to use the personal information we transfer to them only for the purpose for which it was transferred and to retain it for no longer than is necessary to fulfill that purpose.<\/p>\n<p>We may also disclose your personal information to: (1) comply with applicable law, regulation, court order or other legal process; (2) enforce your agreements with us, including this Privacy Policy; or (3) respond to claims that your use of the Service violates any third party right. If our service or company is merged with or acquired by another company, your information will be one of the assets transferred to the new owner.<\/p>\n<p><strong>STORING YOUR INFORMATION:<\/strong><br \/>\nWe will retain your personal information for between 90 days and 2 years after users close their accounts, or for as long as we need to fulfill the purposes for which it was collected as detailed in this Privacy Policy. Such as record keeping\/reporting in accordance with applicable laws or for the enforcement of legal rights, fraud prevention, etc. we may need to retain certain information for longer periods of time for other legitimate reasons. Residual anonymous information and aggregated information (directly or indirectly), none of which identifies you, may be stored indefinitely.<\/p>\n<p><strong>YOUR RIGHTS<\/strong><br \/>\nDepending on applicable law, you may have the right to access and rectify or delete your personal data or obtain a copy of your personal data, restrict or object to the active processing of your data, ask us to share (move) your personal information. withdraw any consent you have given us to provide the information to another organization, to process your data, the right to lodge a complaint with a legal authority, and any other rights that may be relevant under applicable law. You can write to us at info@alan_adi to exercise these rights. We will respond to your request in accordance with applicable law.<\/p>\n<p>Note that if you do not consent to our collection or processing of the required personal information or withdraw your consent to process it for the purposes for which it is required, you may not be able to access or use the services for which your information is sought.<\/p>\n<p><strong>POWERS, ETC.<\/strong><br \/>\nTo learn more about how we use them and your choices regarding these tracking technologies, please see <a href=\"http:\/\/alan_adi\/cerez-politikasi\/\">our Cookie Policy<\/a>.<\/p>\n<p><strong>SAFETY:<\/strong><br \/>\nThe security of your information is important to us and we will take reasonable security measures to prevent the loss, misuse or unauthorized alteration of your information under our control. However, given the inherent risks, we cannot guarantee absolute security and, consequently, we cannot ensure or warrant the security of any information you transmit to us and you do so at your own risk.<\/p>\n<p><strong>THIRD PARTY CONNECTIONS AND USE OF YOUR INFORMATION:<\/strong><br \/>\nOur Service may contain links to other websites that are not operated by us. This Privacy Policy does not address the privacy policy and other practices of any third party, including any third party that operates any website or service accessible through a link on the Service. We strongly recommend that you review the privacy policy of each site you visit. We have no control over, and assume no responsibility for, the content, privacy policies, or practices of any third party sites or services.<\/p>\n<p><strong>COMPLAINT \/ DATA PROTECTION OFFICER:<\/strong><br \/>\nIf you have any questions or concerns about the processing of your information held by us, you may contact OPERATOR DR. HAKAN YAZ MUAYENEHANES\u0130, brand_De\u011firmi\u00e7em Mahallesi, Fevzi \u00c7akmak Blv. You can send an e-mail to our complaint and suggestion officer at No.54, \u015eehitkamil \/ GAZ\u0130ANTEP:<br \/>\ne-mail: info@alan_adi<br \/>\nWe will address your concerns in accordance with applicable law.[\/vc_column_text][\/vc_column][\/vc_row]\n<\/div>","protected":false},"excerpt":{"rendered":"<p>[vc_row][vc_column][vc_column_text] Privacy Policy Last Updated April 29, 2023 Effective April 30, 2021 This Privacy Policy applies to OPERATOR DR. HAKAN YAZ MUAYENEHANES\u0130, trademark_De\u011firmi\u00e7em Mahallesi, Fevzi \u00c7akmak Blv. No.54, \u015eehitkamil, GAZ\u0130ANTEP, Turkey, e-mail: bilgi@hakanyaz.com phone: 05327180991&#8217;s policies regarding the collection, use and disclosure of your information that we collect when you [&hellip;]<\/p>\n","protected":false},"author":1,"featured_media":0,"parent":3792,"menu_order":99,"comment_status":"closed","ping_status":"closed","template":"","meta":{"footnotes":""},"class_list":["post-3790","page","type-page","status-publish","hentry"],"_links":{"self":[{"href":"https:\/\/hakanyaz.com\/en\/wp-json\/wp\/v2\/pages\/3790","targetHints":{"allow":["GET"]}}],"collection":[{"href":"https:\/\/hakanyaz.com\/en\/wp-json\/wp\/v2\/pages"}],"about":[{"href":"https:\/\/hakanyaz.com\/en\/wp-json\/wp\/v2\/types\/page"}],"author":[{"embeddable":true,"href":"https:\/\/hakanyaz.com\/en\/wp-json\/wp\/v2\/users\/1"}],"replies":[{"embeddable":true,"href":"https:\/\/hakanyaz.com\/en\/wp-json\/wp\/v2\/comments?post=3790"}],"version-history":[{"count":0,"href":"https:\/\/hakanyaz.com\/en\/wp-json\/wp\/v2\/pages\/3790\/revisions"}],"up":[{"embeddable":true,"href":"https:\/\/hakanyaz.com\/en\/wp-json\/wp\/v2\/pages\/3792"}],"wp:attachment":[{"href":"https:\/\/hakanyaz.com\/en\/wp-json\/wp\/v2\/media?parent=3790"}],"curies":[{"name":"wp","href":"https:\/\/api.w.org\/{rel}","templated":true}]}}